{"id":562,"date":"2023-04-18T07:14:42","date_gmt":"2023-04-18T05:14:42","guid":{"rendered":"https:\/\/secteurdhorus.com\/?page_id=562"},"modified":"2023-05-24T11:19:02","modified_gmt":"2023-05-24T09:19:02","slug":"mise-a-lhonneur","status":"publish","type":"page","link":"https:\/\/secteurdhorus.com\/index.php\/mise-a-lhonneur\/","title":{"rendered":"Mise \u00e0 l&rsquo;honneur"},"content":{"rendered":"\t\t<div data-elementor-type=\"wp-page\" data-elementor-id=\"562\" class=\"elementor elementor-562\">\n\t\t\t\t\t\t\t\t\t<section class=\"elementor-section elementor-top-section elementor-element elementor-element-e3dd3fe elementor-section-boxed elementor-section-height-default elementor-section-height-default\" data-id=\"e3dd3fe\" data-element_type=\"section\">\n\t\t\t\t\t\t<div class=\"elementor-container elementor-column-gap-default\">\n\t\t\t\t\t<div class=\"elementor-column elementor-col-100 elementor-top-column elementor-element elementor-element-7f4a23d\" data-id=\"7f4a23d\" data-element_type=\"column\">\n\t\t\t<div class=\"elementor-widget-wrap elementor-element-populated\">\n\t\t\t\t\t\t\t\t<div class=\"elementor-element elementor-element-9cb03e1 elementor-widget elementor-widget-heading\" data-id=\"9cb03e1\" data-element_type=\"widget\" data-widget_type=\"heading.default\">\n\t\t\t\t<div class=\"elementor-widget-container\">\n\t\t\t<style>\/*! elementor - v3.16.0 - 09-10-2023 *\/\n.elementor-heading-title{padding:0;margin:0;line-height:1}.elementor-widget-heading .elementor-heading-title[class*=elementor-size-]>a{color:inherit;font-size:inherit;line-height:inherit}.elementor-widget-heading .elementor-heading-title.elementor-size-small{font-size:15px}.elementor-widget-heading .elementor-heading-title.elementor-size-medium{font-size:19px}.elementor-widget-heading .elementor-heading-title.elementor-size-large{font-size:29px}.elementor-widget-heading .elementor-heading-title.elementor-size-xl{font-size:39px}.elementor-widget-heading .elementor-heading-title.elementor-size-xxl{font-size:59px}<\/style><h1 class=\"elementor-heading-title elementor-size-default\">Mise \u00e0 L'honneur<\/h1>\t\t<\/div>\n\t\t\t\t<\/div>\n\t\t\t\t\t<\/div>\n\t\t<\/div>\n\t\t\t\t\t\t\t<\/div>\n\t\t<\/section>\n\t\t\t\t<section class=\"elementor-section elementor-top-section elementor-element elementor-element-26825fd elementor-section-boxed elementor-section-height-default elementor-section-height-default\" data-id=\"26825fd\" data-element_type=\"section\">\n\t\t\t\t\t\t<div class=\"elementor-container elementor-column-gap-default\">\n\t\t\t\t\t<div class=\"elementor-column elementor-col-100 elementor-top-column elementor-element elementor-element-989d169\" data-id=\"989d169\" data-element_type=\"column\">\n\t\t\t<div class=\"elementor-widget-wrap\">\n\t\t\t\t\t\t\t\t\t<\/div>\n\t\t<\/div>\n\t\t\t\t\t\t\t<\/div>\n\t\t<\/section>\n\t\t\t\t<section class=\"elementor-section elementor-top-section elementor-element elementor-element-a5e07a7 elementor-section-boxed elementor-section-height-default elementor-section-height-default\" data-id=\"a5e07a7\" data-element_type=\"section\">\n\t\t\t\t\t\t<div class=\"elementor-container elementor-column-gap-default\">\n\t\t\t\t\t<div class=\"elementor-column elementor-col-50 elementor-top-column elementor-element elementor-element-3494878\" data-id=\"3494878\" data-element_type=\"column\">\n\t\t\t<div class=\"elementor-widget-wrap elementor-element-populated\">\n\t\t\t\t\t\t\t\t<div class=\"elementor-element elementor-element-ec1b336 elementor-widget elementor-widget-image\" data-id=\"ec1b336\" data-element_type=\"widget\" data-widget_type=\"image.default\">\n\t\t\t\t<div class=\"elementor-widget-container\">\n\t\t\t<style>\/*! elementor - v3.16.0 - 09-10-2023 *\/\n.elementor-widget-image{text-align:center}.elementor-widget-image a{display:inline-block}.elementor-widget-image a img[src$=\".svg\"]{width:48px}.elementor-widget-image img{vertical-align:middle;display:inline-block}<\/style>\t\t\t\t\t\t\t\t\t\t\t\t<img loading=\"lazy\" decoding=\"async\" width=\"1024\" height=\"704\" src=\"https:\/\/secteurdhorus.com\/wp-content\/uploads\/2023\/03\/Egypt_Ruins_Temples_Evening_Temple_of_Kom_Ombo_546671_3000x2064-scaled-1024x704.jpg\" class=\"attachment-large size-large wp-image-23\" alt=\"\" srcset=\"https:\/\/secteurdhorus.com\/wp-content\/uploads\/2023\/03\/Egypt_Ruins_Temples_Evening_Temple_of_Kom_Ombo_546671_3000x2064-scaled-1024x704.jpg 1024w, https:\/\/secteurdhorus.com\/wp-content\/uploads\/2023\/03\/Egypt_Ruins_Temples_Evening_Temple_of_Kom_Ombo_546671_3000x2064-scaled-300x206.jpg 300w, https:\/\/secteurdhorus.com\/wp-content\/uploads\/2023\/03\/Egypt_Ruins_Temples_Evening_Temple_of_Kom_Ombo_546671_3000x2064-scaled-768x528.jpg 768w, https:\/\/secteurdhorus.com\/wp-content\/uploads\/2023\/03\/Egypt_Ruins_Temples_Evening_Temple_of_Kom_Ombo_546671_3000x2064-scaled-1536x1057.jpg 1536w, https:\/\/secteurdhorus.com\/wp-content\/uploads\/2023\/03\/Egypt_Ruins_Temples_Evening_Temple_of_Kom_Ombo_546671_3000x2064-scaled-2048x1409.jpg 2048w\" sizes=\"auto, (max-width: 1024px) 100vw, 1024px\" \/>\t\t\t\t\t\t\t\t\t\t\t\t\t\t\t<\/div>\n\t\t\t\t<\/div>\n\t\t\t\t\t<\/div>\n\t\t<\/div>\n\t\t\t\t<div class=\"elementor-column elementor-col-50 elementor-top-column elementor-element elementor-element-6d2126d\" data-id=\"6d2126d\" data-element_type=\"column\">\n\t\t\t<div class=\"elementor-widget-wrap elementor-element-populated\">\n\t\t\t\t\t\t\t\t<div class=\"elementor-element elementor-element-39dff8e elementor-widget elementor-widget-heading\" data-id=\"39dff8e\" data-element_type=\"widget\" data-widget_type=\"heading.default\">\n\t\t\t\t<div class=\"elementor-widget-container\">\n\t\t\t<h2 class=\"elementor-heading-title elementor-size-default\">Au Temple il y a...<\/h2>\t\t<\/div>\n\t\t\t\t<\/div>\n\t\t\t\t<section class=\"elementor-section elementor-inner-section elementor-element elementor-element-5d92a86 elementor-section-boxed elementor-section-height-default elementor-section-height-default\" data-id=\"5d92a86\" data-element_type=\"section\">\n\t\t\t\t\t\t<div class=\"elementor-container elementor-column-gap-default\">\n\t\t\t\t\t<div class=\"elementor-column elementor-col-50 elementor-inner-column elementor-element elementor-element-63e598f\" data-id=\"63e598f\" data-element_type=\"column\">\n\t\t\t<div class=\"elementor-widget-wrap\">\n\t\t\t\t\t\t\t\t\t<\/div>\n\t\t<\/div>\n\t\t\t\t<div class=\"elementor-column elementor-col-50 elementor-inner-column elementor-element elementor-element-eb37f82\" data-id=\"eb37f82\" data-element_type=\"column\">\n\t\t\t<div class=\"elementor-widget-wrap\">\n\t\t\t\t\t\t\t\t\t<\/div>\n\t\t<\/div>\n\t\t\t\t\t\t\t<\/div>\n\t\t<\/section>\n\t\t\t\t<div class=\"elementor-element elementor-element-fc826ff elementor-widget elementor-widget-text-editor\" data-id=\"fc826ff\" data-element_type=\"widget\" data-widget_type=\"text-editor.default\">\n\t\t\t\t<div class=\"elementor-widget-container\">\n\t\t\t<style>\/*! elementor - v3.16.0 - 09-10-2023 *\/\n.elementor-widget-text-editor.elementor-drop-cap-view-stacked .elementor-drop-cap{background-color:#69727d;color:#fff}.elementor-widget-text-editor.elementor-drop-cap-view-framed .elementor-drop-cap{color:#69727d;border:3px solid;background-color:transparent}.elementor-widget-text-editor:not(.elementor-drop-cap-view-default) .elementor-drop-cap{margin-top:8px}.elementor-widget-text-editor:not(.elementor-drop-cap-view-default) .elementor-drop-cap-letter{width:1em;height:1em}.elementor-widget-text-editor .elementor-drop-cap{float:left;text-align:center;line-height:1;font-size:50px}.elementor-widget-text-editor .elementor-drop-cap-letter{display:inline-block}<\/style>\t\t\t\t<h3>Celles et ceux qui acceptent leur polarit\u00e9s, Leurs ombres.<\/h3><h3>Celles et ceux qui acceptent de laisser \u00eatre ce qui doit.<\/h3><h3>Celles et ceux dont l&rsquo;expression est Verit\u00e9, singularit\u00e9 et vuln\u00e9rabilit\u00e9 assum\u00e9es au plus haut degr\u00e9.<\/h3>\t\t\t\t\t\t<\/div>\n\t\t\t\t<\/div>\n\t\t\t\t\t<\/div>\n\t\t<\/div>\n\t\t\t\t\t\t\t<\/div>\n\t\t<\/section>\n\t\t\t\t<section class=\"elementor-section elementor-top-section elementor-element elementor-element-33ae7b6 elementor-section-boxed elementor-section-height-default elementor-section-height-default\" data-id=\"33ae7b6\" data-element_type=\"section\">\n\t\t\t\t\t\t<div class=\"elementor-container elementor-column-gap-default\">\n\t\t\t\t\t<div class=\"elementor-column elementor-col-50 elementor-top-column elementor-element elementor-element-7575a2e\" data-id=\"7575a2e\" data-element_type=\"column\">\n\t\t\t<div class=\"elementor-widget-wrap elementor-element-populated\">\n\t\t\t\t\t\t\t\t<div class=\"elementor-element elementor-element-bb884aa elementor-widget elementor-widget-text-editor\" data-id=\"bb884aa\" data-element_type=\"widget\" data-widget_type=\"text-editor.default\">\n\t\t\t\t<div class=\"elementor-widget-container\">\n\t\t\t\t\t\t\t\t\t\t\t\t\t<\/div>\n\t\t\t\t<\/div>\n\t\t\t\t\t<\/div>\n\t\t<\/div>\n\t\t\t\t<div class=\"elementor-column elementor-col-50 elementor-top-column elementor-element elementor-element-71c0a0c\" data-id=\"71c0a0c\" data-element_type=\"column\">\n\t\t\t<div class=\"elementor-widget-wrap\">\n\t\t\t\t\t\t\t\t\t<\/div>\n\t\t<\/div>\n\t\t\t\t\t\t\t<\/div>\n\t\t<\/section>\n\t\t\t\t<section class=\"elementor-section elementor-top-section elementor-element elementor-element-2745cff elementor-section-boxed elementor-section-height-default elementor-section-height-default\" data-id=\"2745cff\" data-element_type=\"section\">\n\t\t\t\t\t\t<div class=\"elementor-container elementor-column-gap-default\">\n\t\t\t\t\t<div class=\"elementor-column elementor-col-33 elementor-top-column elementor-element elementor-element-3a7baf9\" data-id=\"3a7baf9\" data-element_type=\"column\">\n\t\t\t<div class=\"elementor-widget-wrap elementor-element-populated\">\n\t\t\t\t\t\t\t\t<div class=\"elementor-element elementor-element-a995333 elementor-widget elementor-widget-heading\" data-id=\"a995333\" data-element_type=\"widget\" data-widget_type=\"heading.default\">\n\t\t\t\t<div class=\"elementor-widget-container\">\n\t\t\t<h4 class=\"elementor-heading-title elementor-size-default\">Melina Clara Pans'art<\/h4>\t\t<\/div>\n\t\t\t\t<\/div>\n\t\t\t\t<div class=\"elementor-element elementor-element-9720b61 elementor-widget elementor-widget-image\" data-id=\"9720b61\" data-element_type=\"widget\" data-widget_type=\"image.default\">\n\t\t\t\t<div class=\"elementor-widget-container\">\n\t\t\t\t\t\t\t\t\t\t\t\t\t\t\t<img loading=\"lazy\" decoding=\"async\" width=\"534\" height=\"882\" src=\"https:\/\/secteurdhorus.com\/wp-content\/uploads\/2023\/05\/melina2.png\" class=\"attachment-large size-large wp-image-890\" alt=\"\" srcset=\"https:\/\/secteurdhorus.com\/wp-content\/uploads\/2023\/05\/melina2.png 534w, https:\/\/secteurdhorus.com\/wp-content\/uploads\/2023\/05\/melina2-182x300.png 182w\" sizes=\"auto, (max-width: 534px) 100vw, 534px\" \/>\t\t\t\t\t\t\t\t\t\t\t\t\t\t\t<\/div>\n\t\t\t\t<\/div>\n\t\t\t\t\t<\/div>\n\t\t<\/div>\n\t\t\t\t<div class=\"elementor-column elementor-col-66 elementor-top-column elementor-element elementor-element-dd5bf04\" data-id=\"dd5bf04\" data-element_type=\"column\">\n\t\t\t<div class=\"elementor-widget-wrap elementor-element-populated\">\n\t\t\t\t\t\t\t\t<div class=\"elementor-element elementor-element-2ddfda8 elementor-widget elementor-widget-heading\" data-id=\"2ddfda8\" data-element_type=\"widget\" data-widget_type=\"heading.default\">\n\t\t\t\t<div class=\"elementor-widget-container\">\n\t\t\t<h4 class=\"elementor-heading-title elementor-size-default\">Runa Jose Mercado<\/h4>\t\t<\/div>\n\t\t\t\t<\/div>\n\t\t\t\t<div class=\"elementor-element elementor-element-8ef2ee1 elementor-widget elementor-widget-image\" data-id=\"8ef2ee1\" data-element_type=\"widget\" data-widget_type=\"image.default\">\n\t\t\t\t<div class=\"elementor-widget-container\">\n\t\t\t\t\t\t\t\t\t\t\t\t\t\t\t<img loading=\"lazy\" decoding=\"async\" width=\"1024\" height=\"678\" src=\"https:\/\/secteurdhorus.com\/wp-content\/uploads\/2023\/05\/jose-plus-grtand-1024x678.png\" class=\"attachment-large size-large wp-image-892\" alt=\"\" srcset=\"https:\/\/secteurdhorus.com\/wp-content\/uploads\/2023\/05\/jose-plus-grtand-1024x678.png 1024w, https:\/\/secteurdhorus.com\/wp-content\/uploads\/2023\/05\/jose-plus-grtand-300x198.png 300w, https:\/\/secteurdhorus.com\/wp-content\/uploads\/2023\/05\/jose-plus-grtand-768x508.png 768w, https:\/\/secteurdhorus.com\/wp-content\/uploads\/2023\/05\/jose-plus-grtand.png 1330w\" sizes=\"auto, (max-width: 1024px) 100vw, 1024px\" \/>\t\t\t\t\t\t\t\t\t\t\t\t\t\t\t<\/div>\n\t\t\t\t<\/div>\n\t\t\t\t<div class=\"elementor-element elementor-element-b9af2e1 elementor-widget elementor-widget-text-editor\" data-id=\"b9af2e1\" data-element_type=\"widget\" data-widget_type=\"text-editor.default\">\n\t\t\t\t<div class=\"elementor-widget-container\">\n\t\t\t\t\t\t\t<p>Melina et Jose sont deux \u00e9clatantes personnalit\u00e9s. Tous deux sont organisateurs d&rsquo;\u00e9venements a caract\u00e8re sacr\u00e9.<br>Melina via des stages et retraites, notamment \u00ab\u00a0se panser\u00a0\u00bb, qui am\u00e8ne les participants \u00e0 se trouver dans un silence d&rsquo;or.<br>Jose a v\u00e9cu en am\u00e9rique du Sud, et est porteur d&rsquo;une tradition, il nous fait profiter de c\u00e9r\u00e9monies purificatrices et des vertues physiologique et spirituelle du cacao, entre autres.<br><\/p>\t\t\t\t\t\t<\/div>\n\t\t\t\t<\/div>\n\t\t\t\t\t<\/div>\n\t\t<\/div>\n\t\t\t\t\t\t\t<\/div>\n\t\t<\/section>\n\t\t\t\t<section class=\"elementor-section elementor-top-section elementor-element elementor-element-f371e5f elementor-section-boxed elementor-section-height-default elementor-section-height-default\" data-id=\"f371e5f\" data-element_type=\"section\">\n\t\t\t\t\t\t<div class=\"elementor-container elementor-column-gap-default\">\n\t\t\t\t\t<div class=\"elementor-column elementor-col-50 elementor-top-column elementor-element elementor-element-e3acbf4\" data-id=\"e3acbf4\" data-element_type=\"column\">\n\t\t\t<div class=\"elementor-widget-wrap elementor-element-populated\">\n\t\t\t\t\t\t\t\t<div class=\"elementor-element elementor-element-76c8cb4 elementor-widget elementor-widget-image\" data-id=\"76c8cb4\" data-element_type=\"widget\" data-widget_type=\"image.default\">\n\t\t\t\t<div class=\"elementor-widget-container\">\n\t\t\t\t\t\t\t\t\t\t\t\t\t\t\t<img loading=\"lazy\" decoding=\"async\" width=\"564\" height=\"727\" src=\"https:\/\/secteurdhorus.com\/wp-content\/uploads\/2023\/05\/melina.png\" class=\"attachment-large size-large wp-image-893\" alt=\"\" srcset=\"https:\/\/secteurdhorus.com\/wp-content\/uploads\/2023\/05\/melina.png 564w, https:\/\/secteurdhorus.com\/wp-content\/uploads\/2023\/05\/melina-233x300.png 233w\" sizes=\"auto, (max-width: 564px) 100vw, 564px\" \/>\t\t\t\t\t\t\t\t\t\t\t\t\t\t\t<\/div>\n\t\t\t\t<\/div>\n\t\t\t\t\t<\/div>\n\t\t<\/div>\n\t\t\t\t<div class=\"elementor-column elementor-col-50 elementor-top-column elementor-element elementor-element-d7119bb\" data-id=\"d7119bb\" data-element_type=\"column\">\n\t\t\t<div class=\"elementor-widget-wrap elementor-element-populated\">\n\t\t\t\t\t\t\t\t<div class=\"elementor-element elementor-element-8c861d5 elementor-widget elementor-widget-text-editor\" data-id=\"8c861d5\" data-element_type=\"widget\" data-widget_type=\"text-editor.default\">\n\t\t\t\t<div class=\"elementor-widget-container\">\n\t\t\t\t\t\t\t<p>Facilitateurs de c\u00e9r\u00e9monies, de multiples comp\u00e9tences.<\/p><p>Une grande douceur et \u00e9coute, mais aussi rigueur et fermet\u00e9.<\/p><p>\u00a0<\/p><p>Ce sont les qualit\u00e9s n\u00e9c\u00e9ssaire \u00e0 tout \u00eatre \u00e9quilibr\u00e9 pouvant se faire pourvoyeur co-cr\u00e9ateur, du sacr\u00e9 dans le monde.<\/p><p>\u00a0<\/p><p>\u00a0<\/p><p>\u00a0<\/p><p>\u00a0<\/p><p>\u00a0<\/p><p>\u00a0<\/p><p>\u00a0<\/p><p><em>Photo prises lors du Festival Eurotas22 par \u00ab\u00a0Alice Wonderland\u00a0\u00bb<\/em><\/p>\t\t\t\t\t\t<\/div>\n\t\t\t\t<\/div>\n\t\t\t\t\t<\/div>\n\t\t<\/div>\n\t\t\t\t\t\t\t<\/div>\n\t\t<\/section>\n\t\t\t\t<section class=\"elementor-section elementor-top-section elementor-element elementor-element-b56b8bc elementor-section-boxed elementor-section-height-default elementor-section-height-default\" data-id=\"b56b8bc\" data-element_type=\"section\">\n\t\t\t\t\t\t<div class=\"elementor-container elementor-column-gap-default\">\n\t\t\t\t\t<div class=\"elementor-column elementor-col-100 elementor-top-column elementor-element elementor-element-6229234\" data-id=\"6229234\" data-element_type=\"column\">\n\t\t\t<div class=\"elementor-widget-wrap\">\n\t\t\t\t\t\t\t\t\t<\/div>\n\t\t<\/div>\n\t\t\t\t\t\t\t<\/div>\n\t\t<\/section>\n\t\t\t\t\t\t\t<\/div>\n\t\t","protected":false},"excerpt":{"rendered":"<p>Mise \u00e0 L&rsquo;honneur Au Temple il y a&#8230; Celles et ceux qui acceptent leur polarit\u00e9s, Leurs ombres. Celles et ceux qui acceptent de laisser \u00eatre ce qui doit. Celles et &hellip;<\/p>\n<p class=\"read-more\"> <a class=\"\" href=\"https:\/\/secteurdhorus.com\/index.php\/mise-a-lhonneur\/\"> <span class=\"screen-reader-text\">Mise \u00e0 l&rsquo;honneur<\/span> Lire la suite\u00a0\u00bb<\/a><\/p>\n","protected":false},"author":1,"featured_media":0,"parent":0,"menu_order":0,"comment_status":"closed","ping_status":"closed","template":"","meta":{"site-sidebar-layout":"no-sidebar","site-content-layout":"page-builder","ast-global-header-display":"","ast-main-header-display":"","ast-hfb-above-header-display":"","ast-hfb-below-header-display":"","ast-hfb-mobile-header-display":"","site-post-title":"disabled","ast-breadcrumbs-content":"","ast-featured-img":"disabled","footer-sml-layout":"","theme-transparent-header-meta":"","adv-header-id-meta":"","stick-header-meta":"","header-above-stick-meta":"","header-main-stick-meta":"","header-below-stick-meta":"","footnotes":""},"class_list":["post-562","page","type-page","status-publish","hentry"],"_links":{"self":[{"href":"https:\/\/secteurdhorus.com\/index.php\/wp-json\/wp\/v2\/pages\/562","targetHints":{"allow":["GET"]}}],"collection":[{"href":"https:\/\/secteurdhorus.com\/index.php\/wp-json\/wp\/v2\/pages"}],"about":[{"href":"https:\/\/secteurdhorus.com\/index.php\/wp-json\/wp\/v2\/types\/page"}],"author":[{"embeddable":true,"href":"https:\/\/secteurdhorus.com\/index.php\/wp-json\/wp\/v2\/users\/1"}],"replies":[{"embeddable":true,"href":"https:\/\/secteurdhorus.com\/index.php\/wp-json\/wp\/v2\/comments?post=562"}],"version-history":[{"count":18,"href":"https:\/\/secteurdhorus.com\/index.php\/wp-json\/wp\/v2\/pages\/562\/revisions"}],"predecessor-version":[{"id":903,"href":"https:\/\/secteurdhorus.com\/index.php\/wp-json\/wp\/v2\/pages\/562\/revisions\/903"}],"wp:attachment":[{"href":"https:\/\/secteurdhorus.com\/index.php\/wp-json\/wp\/v2\/media?parent=562"}],"curies":[{"name":"wp","href":"https:\/\/api.w.org\/{rel}","templated":true}]}}